{"id":40,"date":"2015-05-25T20:29:42","date_gmt":"2015-05-25T18:29:42","guid":{"rendered":"http:\/\/sminformatyk.pl\/?page_id=40"},"modified":"2025-12-11T09:02:44","modified_gmt":"2025-12-11T08:02:44","slug":"dokumenty-do-pobrania","status":"publish","type":"page","link":"http:\/\/sminformatyk.pl\/?page_id=40","title":{"rendered":"Dokumenty do pobrania"},"content":{"rendered":"\n<h2 class=\"wp-block-heading\"><\/h2>\n\n\n<p>\u00a0<\/p>\n<p>Regulamin rozliczania koszt\u00f3w energii cieplnej zu\u017cywanej na potrzeby ogrzewania i ciep\u0142ej wody: [<a href=\"http:\/\/sminformatyk.pl\/wp-content\/uploads\/2022\/08\/RegulaminSMI.pdf\">TUTAJ<\/a>]<\/p>\n<p>STATUT OBOWI\u0104ZUJ\u0104CY OD 2023 ROKU: <a href=\"http:\/\/sminformatyk.pl\/wp-content\/uploads\/2025\/05\/202505141012-Statut.pdf\">STATUT SM Informatyk<\/a><\/p>\n<p>Statut Sp\u00f3\u0142dzielni 2022: <a href=\"http:\/\/sminformatyk.pl\/wp-content\/uploads\/2022\/04\/Statut2022.pdf\">STATUT SM Informatyk<\/a><\/p>\n<p>Statut Sp\u00f3\u0142dzielni: <a href=\"http:\/\/sminformatyk.pl\/wp-content\/uploads\/2015\/05\/STATUT-SM-Informatyk.doc\">STATUT SM Informatyk<\/a> &#8211; nieaktualny<\/p>\n<p>Wniosek o udost\u0119pnienie dokument\u00f3w: <a href=\"http:\/\/sminformatyk.pl\/wp-content\/uploads\/2019\/03\/Wniosek-o-udost\u0119pnienie-dokument\u00f3w.docx\" target=\"_blank\" rel=\"noopener noreferrer\">Wniosek<\/a><\/p>\n<p>Regulamin Komisji Rewizyjnej 2019: <a href=\"http:\/\/sminformatyk.pl\/wp-content\/uploads\/2019\/04\/RegulaminKomisjiRewizyjnej_2019.pdf\" target=\"_blank\" rel=\"noopener noreferrer\">Regulamin KR 2019<\/a><\/p>\n<p>Regulamin &#8211; Fundusz Remontowy 2018: <a href=\"http:\/\/sminformatyk.pl\/wp-content\/uploads\/2019\/04\/REGULAMIN_Fundusz_Remontowy_2018.doc\" target=\"_blank\" rel=\"noopener noreferrer\">Regulamin FR 2018<\/a><\/p>\n<p>Aneks do Fundusz Remontowy 2019: <a href=\"http:\/\/sminformatyk.pl\/wp-content\/uploads\/2019\/04\/Anaks_Fundusz_Remontowy_2019.pdf\" target=\"_blank\" rel=\"noopener noreferrer\">Aneks FR 2019<\/a><\/p>\n\n\n<p><\/p>\n","protected":false},"excerpt":{"rendered":"<p>\u00a0 Regulamin rozliczania koszt\u00f3w energii cieplnej zu\u017cywanej na potrzeby ogrzewania i ciep\u0142ej wody: [TUTAJ] STATUT OBOWI\u0104ZUJ\u0104CY OD 2023 ROKU: STATUT SM Informatyk Statut Sp\u00f3\u0142dzielni 2022: STATUT SM Informatyk Statut Sp\u00f3\u0142dzielni: STATUT SM Informatyk &#8211; nieaktualny Wniosek o udost\u0119pnienie dokument\u00f3w: Wniosek &hellip; <a href=\"http:\/\/sminformatyk.pl\/?page_id=40\">Czytaj dalej <span class=\"meta-nav\">&rarr;<\/span><\/a><\/p>\n","protected":false},"author":2,"featured_media":0,"parent":0,"menu_order":0,"comment_status":"closed","ping_status":"open","template":"","meta":{"footnotes":""},"class_list":["post-40","page","type-page","status-publish","hentry"],"_links":{"self":[{"href":"http:\/\/sminformatyk.pl\/index.php?rest_route=\/wp\/v2\/pages\/40","targetHints":{"allow":["GET"]}}],"collection":[{"href":"http:\/\/sminformatyk.pl\/index.php?rest_route=\/wp\/v2\/pages"}],"about":[{"href":"http:\/\/sminformatyk.pl\/index.php?rest_route=\/wp\/v2\/types\/page"}],"author":[{"embeddable":true,"href":"http:\/\/sminformatyk.pl\/index.php?rest_route=\/wp\/v2\/users\/2"}],"replies":[{"embeddable":true,"href":"http:\/\/sminformatyk.pl\/index.php?rest_route=%2Fwp%2Fv2%2Fcomments&post=40"}],"version-history":[{"count":12,"href":"http:\/\/sminformatyk.pl\/index.php?rest_route=\/wp\/v2\/pages\/40\/revisions"}],"predecessor-version":[{"id":758,"href":"http:\/\/sminformatyk.pl\/index.php?rest_route=\/wp\/v2\/pages\/40\/revisions\/758"}],"wp:attachment":[{"href":"http:\/\/sminformatyk.pl\/index.php?rest_route=%2Fwp%2Fv2%2Fmedia&parent=40"}],"curies":[{"name":"wp","href":"https:\/\/api.w.org\/{rel}","templated":true}]}}