{"id":4,"date":"2015-03-28T21:14:42","date_gmt":"2015-03-28T20:14:42","guid":{"rendered":"http:\/\/sminformatyk.pl\/?page_id=4"},"modified":"2025-04-14T13:59:06","modified_gmt":"2025-04-14T11:59:06","slug":"kontakt","status":"publish","type":"page","link":"http:\/\/sminformatyk.pl\/?page_id=4","title":{"rendered":"Kontakt"},"content":{"rendered":"<p><strong>Adres<\/strong>: ul. \u017beromskiego 7, 50-321 Wroc\u0142aw<\/p>\n<p><strong>Telefon<\/strong>:\u00a071 322 19 61<\/p>\n<p><strong>E-mail<\/strong>:\u00a0<a class=\"colorBlue titleEmail ajaxGemius addax addax-cs_ip_email_click_submit\" title=\"Wy\u015blij e-mail do &quot;Informatyk&quot; Sp\u00f3\u0142dzielnia Mieszkaniowa\" href=\"mailto:sminformatyk07@wp.pl\">sminformatyk07@wp.pl<\/a><\/p>\n<p>Adres e-dor\u0119cze\u0144: <b>AE:PL-66007-38358-EWUDA-23<\/b><\/p>\n<p><!--\n<strong>Wsparcie techniczne strony<\/strong>: <a href=\"mailto:rr@sminformatyk.pl\">rr@sminformatyk.pl<\/a>\n\n<strong>Szybki kontakt<\/strong>: <a title=\"e-Sp\u00f3\u0142dzielnia\" href=\"http:\/\/sminformatyk.pl\/?page_id=14\">e-sp\u00f3\u0142dzielnia<\/a>\n--><br \/>\n<\/p>\n","protected":false},"excerpt":{"rendered":"<p>Adres: ul. \u017beromskiego 7, 50-321 Wroc\u0142aw Telefon:\u00a071 322 19 61 E-mail:\u00a0sminformatyk07@wp.pl Adres e-dor\u0119cze\u0144: AE:PL-66007-38358-EWUDA-23<\/p>\n","protected":false},"author":2,"featured_media":0,"parent":0,"menu_order":0,"comment_status":"closed","ping_status":"closed","template":"","meta":{"footnotes":""},"class_list":["post-4","page","type-page","status-publish","hentry"],"_links":{"self":[{"href":"http:\/\/sminformatyk.pl\/index.php?rest_route=\/wp\/v2\/pages\/4","targetHints":{"allow":["GET"]}}],"collection":[{"href":"http:\/\/sminformatyk.pl\/index.php?rest_route=\/wp\/v2\/pages"}],"about":[{"href":"http:\/\/sminformatyk.pl\/index.php?rest_route=\/wp\/v2\/types\/page"}],"author":[{"embeddable":true,"href":"http:\/\/sminformatyk.pl\/index.php?rest_route=\/wp\/v2\/users\/2"}],"replies":[{"embeddable":true,"href":"http:\/\/sminformatyk.pl\/index.php?rest_route=%2Fwp%2Fv2%2Fcomments&post=4"}],"version-history":[{"count":13,"href":"http:\/\/sminformatyk.pl\/index.php?rest_route=\/wp\/v2\/pages\/4\/revisions"}],"predecessor-version":[{"id":667,"href":"http:\/\/sminformatyk.pl\/index.php?rest_route=\/wp\/v2\/pages\/4\/revisions\/667"}],"wp:attachment":[{"href":"http:\/\/sminformatyk.pl\/index.php?rest_route=%2Fwp%2Fv2%2Fmedia&parent=4"}],"curies":[{"name":"wp","href":"https:\/\/api.w.org\/{rel}","templated":true}]}}