{"id":200,"date":"2019-05-25T20:55:46","date_gmt":"2019-05-25T18:55:46","guid":{"rendered":"http:\/\/sminformatyk.pl\/?page_id=200"},"modified":"2019-05-25T21:04:31","modified_gmt":"2019-05-25T19:04:31","slug":"protokoly-rn","status":"publish","type":"page","link":"http:\/\/sminformatyk.pl\/?page_id=200","title":{"rendered":"Protoko\u0142y RN"},"content":{"rendered":"\n<p><a rel=\"noreferrer noopener\" aria-label=\"Protok\u00f3\u0142 z posiedzenia Rady Nadzorczej SM Informatyk z dnia 16.04.2019 r. (otwiera si\u0119 na nowej zak\u0142adce)\" href=\"http:\/\/sminformatyk.pl\/wp-content\/uploads\/2019\/05\/RADA_16_04_2019.pdf\" target=\"_blank\">Protok\u00f3\u0142 z posiedzenia Rady Nadzorczej SM Informatyk z dnia 16.04.2019 r.<\/a><\/p>\n\n\n\n<p><a rel=\"noreferrer noopener\" aria-label=\"Uchwa\u0142a Rady Nadzorczej nr 10\/2019 (otwiera si\u0119 na nowej zak\u0142adce)\" href=\"http:\/\/sminformatyk.pl\/wp-content\/uploads\/2019\/05\/uchwala_RN_10_z_2019.pdf\" target=\"_blank\">Uchwa\u0142a Rady Nadzorczej nr 10\/2019<\/a><\/p>\n\n\n\n<p><\/p>\n","protected":false},"excerpt":{"rendered":"<p>Protok\u00f3\u0142 z posiedzenia Rady Nadzorczej SM Informatyk z dnia 16.04.2019 r. Uchwa\u0142a Rady Nadzorczej nr 10\/2019<\/p>\n","protected":false},"author":2,"featured_media":0,"parent":0,"menu_order":0,"comment_status":"closed","ping_status":"closed","template":"","meta":{"footnotes":""},"class_list":["post-200","page","type-page","status-publish","hentry"],"_links":{"self":[{"href":"http:\/\/sminformatyk.pl\/index.php?rest_route=\/wp\/v2\/pages\/200","targetHints":{"allow":["GET"]}}],"collection":[{"href":"http:\/\/sminformatyk.pl\/index.php?rest_route=\/wp\/v2\/pages"}],"about":[{"href":"http:\/\/sminformatyk.pl\/index.php?rest_route=\/wp\/v2\/types\/page"}],"author":[{"embeddable":true,"href":"http:\/\/sminformatyk.pl\/index.php?rest_route=\/wp\/v2\/users\/2"}],"replies":[{"embeddable":true,"href":"http:\/\/sminformatyk.pl\/index.php?rest_route=%2Fwp%2Fv2%2Fcomments&post=200"}],"version-history":[{"count":2,"href":"http:\/\/sminformatyk.pl\/index.php?rest_route=\/wp\/v2\/pages\/200\/revisions"}],"predecessor-version":[{"id":207,"href":"http:\/\/sminformatyk.pl\/index.php?rest_route=\/wp\/v2\/pages\/200\/revisions\/207"}],"wp:attachment":[{"href":"http:\/\/sminformatyk.pl\/index.php?rest_route=%2Fwp%2Fv2%2Fmedia&parent=200"}],"curies":[{"name":"wp","href":"https:\/\/api.w.org\/{rel}","templated":true}]}}